{"id":3,"date":"2024-05-05T13:48:27","date_gmt":"2024-05-05T11:48:27","guid":{"rendered":"https:\/\/fmg700.com\/?page_id=3"},"modified":"2024-05-10T14:15:23","modified_gmt":"2024-05-10T12:15:23","slug":"ochrana-osobnych-udajov","status":"publish","type":"page","link":"https:\/\/fmg700.com\/sk\/ochrana-osobnych-udajov\/","title":{"rendered":"Ochrana osobn\u00fdch \u00fadajov"},"content":{"rendered":"<p class=\"p1\">V s\u00falade s nariaden\u00edm Eur\u00f3pskeho parlamentu a Rady (E\u00da) 2016\/679 z 27. Apr\u00edla 2016 o ochrane fyzick\u00fdch os\u00f4b pri sprac\u00favan\u00ed osobn\u00fdch \u00fadajov a o vo\u013enom pohybe tak\u00fdchto \u00fadajov, ktor\u00fdm sa zru\u0161uje smernica 95\/46\/ES (V\u0161eobecn\u00e9 nariadenia o ochrane \u00fadajov) (\u010falej len \u201eGDPR\u201c) a so z\u00e1konom \u010d. 18\/2018 Z.z. o ochrane osobn\u00fdch \u00fadajov a o zmene a doplnen\u00ed niektor\u00fdch z\u00e1konov, v znen\u00ed neskor\u0161\u00edch predpisov, a s cie\u013eom chr\u00e1ni\u0165 pr\u00e1va dotknut\u00fdch os\u00f4b (\u010falej tie\u017e ako \u201eDO\u201c) a predch\u00e1dza\u0165 pr\u00edpadn\u00e9mu zneu\u017eitiu \u010di \u00faniku osobn\u00fdch \u00fadajov (\u010falej tie\u017e ako \u201eO\u00da\u201c) je mo\u017en\u00e9 pr\u00e1va dotknutej osoby vypl\u00fdvaj\u00face z GDPR uplatni\u0165 nasleduj\u00facimi sp\u00f4sobmi:<\/p>\n<p class=\"p1\"><b>Po\u0161tovou z\u00e1sielkou zaslanou na adresu<\/b><\/p>\n<p class=\"p1\">\u0160t\u00farova 925\/27<br \/>\n018 41 Dubnica n\/V\u00e1hom<br \/>\nSlovensk\u00e1 republika<\/p>\n<p class=\"p1\"><b>E-mailom<\/b> na adresu spolo\u010dnej zodpovednej osoby (\u010falej tie\u017e ako \u201espolo\u010dn\u00e1 DPO\u201c)<\/p>\n<p class=\"p1\">osobneudaje@msmholding.sk<\/p>\n<p class=\"p1\"><b>Telefonicky na<\/b><\/p>\n<p class=\"p1\">+421 903 440 747<\/p>\n<p class=\"p1\"><b>Postup vybavovania podnetov dotknut\u00fdch os\u00f4b (DO)<\/b><\/p>\n<p class=\"p1\">Ni\u017e\u0161ie uveden\u00fd postup vybavovania podnetov DO je z\u00e1v\u00e4zn\u00fd pre v\u0161etky osoby, ktor\u00e9 akoko\u013evek vstupuj\u00fa do sprac\u00favania O\u00da spolo\u010dn\u00fdmi prev\u00e1dzkovate\u013emi.<\/p>\n<h3 class=\"p1\">1. Prijatie podnetu<\/h3>\n<p class=\"p1\">Kontaktn\u00fdm miestom spolo\u010dn\u00fdch prev\u00e1dzkovate\u013eov vo veci prij\u00edmania podnetov DO je spolo\u010dn\u00e1 DPO \u2013 kontakty vi\u010f vy\u0161\u0161ie.<\/p>\n<h3 class=\"p1\">2. N\u00e1le\u017eitosti podnetu<\/h3>\n<p class=\"p1\">Podnet od DO mus\u00ed obsahova\u0165:<\/p>\n<ul>\n<li class=\"p1\">\u00dadaje DO, ktor\u00e1 podnet pod\u00e1va, vr\u00e1tane jej kontaktn\u00fdch \u00fadajov.<\/li>\n<li class=\"p1\">Popis toho, \u010doho sa DO podnetom dom\u00e1ha, ako napr.: podanie inform\u00e1cie o sprac\u00favan\u00ed jej O\u00da; uplatnenie niektor\u00e9ho z pr\u00e1v DO v oblasti ochrany O\u00da; term\u00edn, do ktor\u00e9ho DO \u017eiada podnet vybavi\u0165 (ak tento \u00fadaj bude ch\u00fdba\u0165, bude sa podnet vybavova\u0165 ako urgentn\u00fd, t.j. bez zbyto\u010dn\u00e9ho odkladu); pr\u00edpadn\u00e9 in\u00e9 po\u017eiadavky DO.<\/li>\n<li class=\"p1\">Identifik\u00e1ciu pr\u00edslu\u0161n\u00e9ho spolo\u010dn\u00e9ho prev\u00e1dzkovate\u013ea, resp. inform\u00e1ciu o tom, \u017ee podnet smeruje vo\u010di v\u0161etk\u00fdm spolo\u010dn\u00fdm prev\u00e1dzkovate\u013eom.<\/li>\n<li class=\"p1\">Rozsah O\u00da, ktor\u00e9 s\u00fa predmetom podnetu, resp. inform\u00e1ciu o tom, \u017ee sa podnet t\u00fdka v\u0161etk\u00fdch O\u00da, ktor\u00e9 v s\u00favislosti s danou DO pr\u00edslu\u0161n\u00ed spolo\u010dn\u00ed prev\u00e1dzkovatelia sprac\u00favaj\u00fa.<\/li>\n<\/ul>\n<p class=\"p1\">Ak podnet nesp\u013a\u0148a uveden\u00e9 n\u00e1le\u017eitosti, kontaktuje spolo\u010dn\u00e1 DPO DO, ktor\u00e1 podnet podala, v snahe zisti\u0165 tieto n\u00e1le\u017eitosti tak, aby bolo mo\u017en\u00e9 podnet zmysluplne vybavi\u0165. To neplat\u00ed, ak podnet neobsahuje kontaktn\u00e9 \u00fadaje DO, ktor\u00e1 podnet podala \u2013 v takom pr\u00edpade sp\u00ed\u0161e spolo\u010dn\u00e1 DPO z\u00e1znam o tom, \u017ee podnet bol vyhodnoten\u00fd ako ne\u00fapln\u00fd a nebolo mo\u017en\u00e9 odstr\u00e1ni\u0165 jeho nedostatky, na\u010do podnet odlo\u017e\u00ed.<\/p>\n<h3 class=\"p1\">3. Pod\u00e1vanie podnetov<\/h3>\n<p class=\"p1\">DO m\u00f4\u017ee podnet poda\u0165 ak\u00fdmko\u013evek sp\u00f4sobom, typicky v\u0161ak e-mailom na kontaktn\u00fa adresu spolo\u010dnej DPO. Podanie podnetu v\u0161ak nem\u00e1 predp\u00edsan\u00fa formu, preto nem\u00f4\u017ee by\u0165 odlo\u017een\u00fd, resp. odmietnut\u00fd, z d\u00f4vodu nedostatku formy.<\/p>\n<p class=\"p1\">Z d\u00f4vodu umo\u017enenia DO pod\u00e1va\u0165 podnet neform\u00e1lne, t.j. najm\u00e4 vlastn\u00fdmi slovami, nie je potrebn\u00e9 poda\u0165 podnet na nijakom predp\u00edsanom tla\u010dive.<\/p>\n<p class=\"p1\">Podan\u00edm podnetu spolo\u010dnej DPO za\u010d\u00ednaj\u00fa plyn\u00fa\u0165 lehoty na vybavenie podnetu, ak s\u00fa stanoven\u00e9.<\/p>\n<h3 class=\"p1\">4. Vybavenie podnetu<\/h3>\n<p class=\"p1\">Riadne podan\u00fd podnet spolo\u010dn\u00e1 DPO vybav\u00ed jedn\u00fdm z nasleduj\u00facich sp\u00f4sobov:<\/p>\n<ul>\n<li class=\"p1\">Vyhovie podnetu; alebo<\/li>\n<li class=\"p1\">Vyhovie podnetu s\u010dasti; alebo<\/li>\n<li class=\"p1\">Podnet odmietne (nevyhovie podnetu).<\/li>\n<\/ul>\n<p class=\"p1\">V pr\u00edpade, \u017ee spolo\u010dn\u00e1 DPO podnetu vyhovie, zabezpe\u010d\u00ed splnenie po\u017eiadaviek DO tak, aby bol dosiahnut\u00fd stav, o ktor\u00fd t\u00e1to DO \u017eiadala. To m\u00f4\u017ee zah\u0155\u0148a\u0165 napr. \u00fapravu sprac\u00favania, zmenu organiza\u010dn\u00fdch alebo in\u00fdch opatren\u00ed, \u010di v\u00fdmaz O\u00da DO \u2013 o prijat\u00fdch opatreniach spolo\u010dn\u00e1 DPO informuje DO bezodkladne po ich prijat\u00ed, resp. vo vyjadren\u00ed ur\u010d\u00ed term\u00edn, do ktor\u00e9ho bude dosiahnut\u00fd \u017eelan\u00fd stav.<\/p>\n<p class=\"p1\">Ak spolo\u010dn\u00e1 DPO podnetu vyhovie len s\u010dasti, ozn\u00e1mi DO, v ktorej \u010dasti podnetu vyhovela a v ktorej \u010dasti podnet odmietla, pri\u010dom svoje rozhodnutie od\u00f4vodn\u00ed. V \u010dasti, v ktorej podnetu vyhovela, bude postupova\u0165 sp\u00f4sobom uveden\u00fdm vy\u0161\u0161ie.<\/p>\n<p class=\"p1\">Ak spolo\u010dn\u00e1 DPO podnet odmietne, informuje o tom DO, ktor\u00e1 podnet podala. Ozn\u00e1menie o odmietnut\u00ed podnetu mus\u00ed by\u0165 riadne od\u00f4vodnen\u00e9.<\/p>\n<p class=\"p1\">Vybavovanie podnetov mus\u00ed by\u0165 vykonan\u00e9 v s\u00falade s pr\u00edslu\u0161n\u00fdmi pr\u00e1vnymi predpismi. Ak\u00e1ko\u013evek inform\u00e1cia\/ozn\u00e1menie o vybaven\u00ed podnetu mus\u00ed obsahova\u0165 tie\u017e pou\u010denie DO o mo\u017enosti poda\u0165 s\u0165a\u017enos\u0165 org\u00e1nu dozoru (\u00darad na ochranu osobn\u00fdch \u00fadajov).<\/p>\n","protected":false},"excerpt":{"rendered":"<p>V s\u00falade s nariaden\u00edm Eur\u00f3pskeho parlamentu a Rady (E\u00da) 2016\/679 z 27. Apr\u00edla 2016 o ochrane fyzick\u00fdch os\u00f4b pri sprac\u00favan\u00ed osobn\u00fdch \u00fadajov a o vo\u013enom pohybe tak\u00fdchto \u00fadajov, ktor\u00fdm sa zru\u0161uje smernica 95\/46\/ES (V\u0161eobecn\u00e9 nariadenia o ochrane \u00fadajov) (\u010falej len \u201eGDPR\u201c) a so z\u00e1konom \u010d. 18\/2018 Z.z. o ochrane osobn\u00fdch \u00fadajov a o zmene a [&hellip;]<\/p>\n","protected":false},"author":1,"featured_media":0,"parent":0,"menu_order":0,"comment_status":"closed","ping_status":"open","template":"","meta":{"_acf_changed":false,"inline_featured_image":false,"footnotes":""},"class_list":["post-3","page","type-page","status-publish","hentry"],"acf":[],"yoast_head":"<!-- This site is optimized with the Yoast SEO plugin v27.5 - https:\/\/yoast.com\/product\/yoast-seo-wordpress\/ -->\n<title>Ochrana osobn\u00fdch \u00fadajov | FMGranada<\/title>\n<meta name=\"robots\" content=\"index, follow, max-snippet:-1, max-image-preview:large, max-video-preview:-1\" \/>\n<link rel=\"canonical\" href=\"https:\/\/fmg700.com\/sk\/ochrana-osobnych-udajov\/\" \/>\n<meta property=\"og:locale\" content=\"sk_SK\" \/>\n<meta property=\"og:type\" content=\"article\" \/>\n<meta property=\"og:title\" content=\"Ochrana osobn\u00fdch \u00fadajov | FMGranada\" \/>\n<meta property=\"og:description\" content=\"V s\u00falade s nariaden\u00edm Eur\u00f3pskeho parlamentu a Rady (E\u00da) 2016\/679 z 27. Apr\u00edla 2016 o ochrane fyzick\u00fdch os\u00f4b pri sprac\u00favan\u00ed osobn\u00fdch \u00fadajov a o vo\u013enom pohybe tak\u00fdchto \u00fadajov, ktor\u00fdm sa zru\u0161uje smernica 95\/46\/ES (V\u0161eobecn\u00e9 nariadenia o ochrane \u00fadajov) (\u010falej len \u201eGDPR\u201c) a so z\u00e1konom \u010d. 18\/2018 Z.z. o ochrane osobn\u00fdch \u00fadajov a o zmene a [&hellip;]\" \/>\n<meta property=\"og:url\" content=\"https:\/\/fmg700.com\/sk\/ochrana-osobnych-udajov\/\" \/>\n<meta property=\"og:site_name\" content=\"FMGranada\" \/>\n<meta property=\"article:modified_time\" content=\"2024-05-10T12:15:23+00:00\" \/>\n<meta name=\"twitter:card\" content=\"summary_large_image\" \/>\n<meta name=\"twitter:label1\" content=\"Predpokladan\u00fd \u010das \u010d\u00edtania\" \/>\n\t<meta name=\"twitter:data1\" content=\"3 min\u00faty\" \/>\n<script type=\"application\/ld+json\" class=\"yoast-schema-graph\">{\"@context\":\"https:\\\/\\\/schema.org\",\"@graph\":[{\"@type\":\"WebPage\",\"@id\":\"https:\\\/\\\/fmg700.com\\\/sk\\\/ochrana-osobnych-udajov\\\/\",\"url\":\"https:\\\/\\\/fmg700.com\\\/sk\\\/ochrana-osobnych-udajov\\\/\",\"name\":\"Ochrana osobn\u00fdch \u00fadajov | FMGranada\",\"isPartOf\":{\"@id\":\"https:\\\/\\\/fmg700.com\\\/#website\"},\"datePublished\":\"2024-05-05T11:48:27+00:00\",\"dateModified\":\"2024-05-10T12:15:23+00:00\",\"breadcrumb\":{\"@id\":\"https:\\\/\\\/fmg700.com\\\/sk\\\/ochrana-osobnych-udajov\\\/#breadcrumb\"},\"inLanguage\":\"sk-SK\",\"potentialAction\":[{\"@type\":\"ReadAction\",\"target\":[\"https:\\\/\\\/fmg700.com\\\/sk\\\/ochrana-osobnych-udajov\\\/\"]}]},{\"@type\":\"BreadcrumbList\",\"@id\":\"https:\\\/\\\/fmg700.com\\\/sk\\\/ochrana-osobnych-udajov\\\/#breadcrumb\",\"itemListElement\":[{\"@type\":\"ListItem\",\"position\":1,\"name\":\"Domovsk\u00e1 str\u00e1nka\",\"item\":\"https:\\\/\\\/fmg700.com\\\/sk\\\/\"},{\"@type\":\"ListItem\",\"position\":2,\"name\":\"Ochrana osobn\u00fdch \u00fadajov\"}]},{\"@type\":\"WebSite\",\"@id\":\"https:\\\/\\\/fmg700.com\\\/#website\",\"url\":\"https:\\\/\\\/fmg700.com\\\/\",\"name\":\"FMGranada\",\"description\":\"\",\"potentialAction\":[{\"@type\":\"SearchAction\",\"target\":{\"@type\":\"EntryPoint\",\"urlTemplate\":\"https:\\\/\\\/fmg700.com\\\/?s={search_term_string}\"},\"query-input\":{\"@type\":\"PropertyValueSpecification\",\"valueRequired\":true,\"valueName\":\"search_term_string\"}}],\"inLanguage\":\"sk-SK\"}]}<\/script>\n<!-- \/ Yoast SEO plugin. -->","yoast_head_json":{"title":"Ochrana osobn\u00fdch \u00fadajov | FMGranada","robots":{"index":"index","follow":"follow","max-snippet":"max-snippet:-1","max-image-preview":"max-image-preview:large","max-video-preview":"max-video-preview:-1"},"canonical":"https:\/\/fmg700.com\/sk\/ochrana-osobnych-udajov\/","og_locale":"sk_SK","og_type":"article","og_title":"Ochrana osobn\u00fdch \u00fadajov | FMGranada","og_description":"V s\u00falade s nariaden\u00edm Eur\u00f3pskeho parlamentu a Rady (E\u00da) 2016\/679 z 27. Apr\u00edla 2016 o ochrane fyzick\u00fdch os\u00f4b pri sprac\u00favan\u00ed osobn\u00fdch \u00fadajov a o vo\u013enom pohybe tak\u00fdchto \u00fadajov, ktor\u00fdm sa zru\u0161uje smernica 95\/46\/ES (V\u0161eobecn\u00e9 nariadenia o ochrane \u00fadajov) (\u010falej len \u201eGDPR\u201c) a so z\u00e1konom \u010d. 18\/2018 Z.z. o ochrane osobn\u00fdch \u00fadajov a o zmene a [&hellip;]","og_url":"https:\/\/fmg700.com\/sk\/ochrana-osobnych-udajov\/","og_site_name":"FMGranada","article_modified_time":"2024-05-10T12:15:23+00:00","twitter_card":"summary_large_image","twitter_misc":{"Predpokladan\u00fd \u010das \u010d\u00edtania":"3 min\u00faty"},"schema":{"@context":"https:\/\/schema.org","@graph":[{"@type":"WebPage","@id":"https:\/\/fmg700.com\/sk\/ochrana-osobnych-udajov\/","url":"https:\/\/fmg700.com\/sk\/ochrana-osobnych-udajov\/","name":"Ochrana osobn\u00fdch \u00fadajov | FMGranada","isPartOf":{"@id":"https:\/\/fmg700.com\/#website"},"datePublished":"2024-05-05T11:48:27+00:00","dateModified":"2024-05-10T12:15:23+00:00","breadcrumb":{"@id":"https:\/\/fmg700.com\/sk\/ochrana-osobnych-udajov\/#breadcrumb"},"inLanguage":"sk-SK","potentialAction":[{"@type":"ReadAction","target":["https:\/\/fmg700.com\/sk\/ochrana-osobnych-udajov\/"]}]},{"@type":"BreadcrumbList","@id":"https:\/\/fmg700.com\/sk\/ochrana-osobnych-udajov\/#breadcrumb","itemListElement":[{"@type":"ListItem","position":1,"name":"Domovsk\u00e1 str\u00e1nka","item":"https:\/\/fmg700.com\/sk\/"},{"@type":"ListItem","position":2,"name":"Ochrana osobn\u00fdch \u00fadajov"}]},{"@type":"WebSite","@id":"https:\/\/fmg700.com\/#website","url":"https:\/\/fmg700.com\/","name":"FMGranada","description":"","potentialAction":[{"@type":"SearchAction","target":{"@type":"EntryPoint","urlTemplate":"https:\/\/fmg700.com\/?s={search_term_string}"},"query-input":{"@type":"PropertyValueSpecification","valueRequired":true,"valueName":"search_term_string"}}],"inLanguage":"sk-SK"}]}},"_links":{"self":[{"href":"https:\/\/fmg700.com\/sk\/wp-json\/wp\/v2\/pages\/3","targetHints":{"allow":["GET"]}}],"collection":[{"href":"https:\/\/fmg700.com\/sk\/wp-json\/wp\/v2\/pages"}],"about":[{"href":"https:\/\/fmg700.com\/sk\/wp-json\/wp\/v2\/types\/page"}],"author":[{"embeddable":true,"href":"https:\/\/fmg700.com\/sk\/wp-json\/wp\/v2\/users\/1"}],"replies":[{"embeddable":true,"href":"https:\/\/fmg700.com\/sk\/wp-json\/wp\/v2\/comments?post=3"}],"version-history":[{"count":5,"href":"https:\/\/fmg700.com\/sk\/wp-json\/wp\/v2\/pages\/3\/revisions"}],"predecessor-version":[{"id":621,"href":"https:\/\/fmg700.com\/sk\/wp-json\/wp\/v2\/pages\/3\/revisions\/621"}],"wp:attachment":[{"href":"https:\/\/fmg700.com\/sk\/wp-json\/wp\/v2\/media?parent=3"}],"curies":[{"name":"wp","href":"https:\/\/api.w.org\/{rel}","templated":true}]}}