{"id":2,"date":"2024-05-05T13:48:27","date_gmt":"2024-05-05T11:48:27","guid":{"rendered":"https:\/\/fmg700.com\/?page_id=2"},"modified":"2024-06-05T11:21:29","modified_gmt":"2024-06-05T09:21:29","slug":"domov","status":"publish","type":"page","link":"https:\/\/fmg700.com\/sk\/","title":{"rendered":"Domov"},"content":{"rendered":"","protected":false},"excerpt":{"rendered":"","protected":false},"author":1,"featured_media":0,"parent":0,"menu_order":0,"comment_status":"closed","ping_status":"open","template":"index.php","meta":{"_acf_changed":false,"inline_featured_image":false,"footnotes":""},"class_list":["post-2","page","type-page","status-publish","hentry"],"acf":[],"yoast_head":"<!-- This site is optimized with the Yoast SEO plugin v27.4 - https:\/\/yoast.com\/product\/yoast-seo-wordpress\/ -->\n<title>FMGranada - Oslavujeme 700 rokov hist\u00f3rie<\/title>\n<meta name=\"description\" content=\"Presk\u00famajte 700-ro\u010dn\u00e9 dedi\u010dstvo spolo\u010dnosti FMGranada v oblasti obrany, ktor\u00e1 pon\u00faka \u0161pi\u010dkov\u00fa muni\u010dn\u00fa technol\u00f3giu.\" \/>\n<meta name=\"robots\" content=\"index, follow, max-snippet:-1, max-image-preview:large, max-video-preview:-1\" \/>\n<link rel=\"canonical\" href=\"https:\/\/fmg700.com\/sk\/\" \/>\n<meta property=\"og:locale\" content=\"sk_SK\" \/>\n<meta property=\"og:type\" content=\"article\" \/>\n<meta property=\"og:title\" content=\"FMGranada - Oslavujeme 700 rokov hist\u00f3rie\" \/>\n<meta property=\"og:description\" content=\"Presk\u00famajte 700-ro\u010dn\u00e9 dedi\u010dstvo spolo\u010dnosti FMGranada v oblasti obrany, ktor\u00e1 pon\u00faka \u0161pi\u010dkov\u00fa muni\u010dn\u00fa technol\u00f3giu.\" \/>\n<meta property=\"og:url\" content=\"https:\/\/fmg700.com\/sk\/\" \/>\n<meta property=\"og:site_name\" content=\"FMGranada\" \/>\n<meta property=\"article:modified_time\" content=\"2024-06-05T09:21:29+00:00\" \/>\n<meta property=\"og:image\" content=\"https:\/\/fmg700.com\/wp-content\/uploads\/2024\/05\/home-headline.jpeg\" \/>\n\t<meta property=\"og:image:width\" content=\"2500\" \/>\n\t<meta property=\"og:image:height\" content=\"1368\" \/>\n\t<meta property=\"og:image:type\" content=\"image\/jpeg\" \/>\n<meta name=\"twitter:card\" content=\"summary_large_image\" \/>\n<script type=\"application\/ld+json\" class=\"yoast-schema-graph\">{\"@context\":\"https:\\\/\\\/schema.org\",\"@graph\":[{\"@type\":\"WebPage\",\"@id\":\"https:\\\/\\\/fmg700.com\\\/sk\\\/\",\"url\":\"https:\\\/\\\/fmg700.com\\\/sk\\\/\",\"name\":\"FMGranada - Oslavujeme 700 rokov hist\u00f3rie\",\"isPartOf\":{\"@id\":\"https:\\\/\\\/fmg700.com\\\/#website\"},\"datePublished\":\"2024-05-05T11:48:27+00:00\",\"dateModified\":\"2024-06-05T09:21:29+00:00\",\"description\":\"Presk\u00famajte 700-ro\u010dn\u00e9 dedi\u010dstvo spolo\u010dnosti FMGranada v oblasti obrany, ktor\u00e1 pon\u00faka \u0161pi\u010dkov\u00fa muni\u010dn\u00fa technol\u00f3giu.\",\"breadcrumb\":{\"@id\":\"https:\\\/\\\/fmg700.com\\\/sk\\\/#breadcrumb\"},\"inLanguage\":\"sk-SK\",\"potentialAction\":[{\"@type\":\"ReadAction\",\"target\":[\"https:\\\/\\\/fmg700.com\\\/sk\\\/\"]}]},{\"@type\":\"BreadcrumbList\",\"@id\":\"https:\\\/\\\/fmg700.com\\\/sk\\\/#breadcrumb\",\"itemListElement\":[{\"@type\":\"ListItem\",\"position\":1,\"name\":\"Domovsk\u00e1 str\u00e1nka\",\"item\":\"https:\\\/\\\/fmg700.com\\\/sk\\\/\"},{\"@type\":\"ListItem\",\"position\":2,\"name\":\"Domov\"}]},{\"@type\":\"WebSite\",\"@id\":\"https:\\\/\\\/fmg700.com\\\/#website\",\"url\":\"https:\\\/\\\/fmg700.com\\\/\",\"name\":\"FMGranada\",\"description\":\"\",\"potentialAction\":[{\"@type\":\"SearchAction\",\"target\":{\"@type\":\"EntryPoint\",\"urlTemplate\":\"https:\\\/\\\/fmg700.com\\\/?s={search_term_string}\"},\"query-input\":{\"@type\":\"PropertyValueSpecification\",\"valueRequired\":true,\"valueName\":\"search_term_string\"}}],\"inLanguage\":\"sk-SK\"}]}<\/script>\n<!-- \/ Yoast SEO plugin. -->","yoast_head_json":{"title":"FMGranada - Oslavujeme 700 rokov hist\u00f3rie","description":"Presk\u00famajte 700-ro\u010dn\u00e9 dedi\u010dstvo spolo\u010dnosti FMGranada v oblasti obrany, ktor\u00e1 pon\u00faka \u0161pi\u010dkov\u00fa muni\u010dn\u00fa technol\u00f3giu.","robots":{"index":"index","follow":"follow","max-snippet":"max-snippet:-1","max-image-preview":"max-image-preview:large","max-video-preview":"max-video-preview:-1"},"canonical":"https:\/\/fmg700.com\/sk\/","og_locale":"sk_SK","og_type":"article","og_title":"FMGranada - Oslavujeme 700 rokov hist\u00f3rie","og_description":"Presk\u00famajte 700-ro\u010dn\u00e9 dedi\u010dstvo spolo\u010dnosti FMGranada v oblasti obrany, ktor\u00e1 pon\u00faka \u0161pi\u010dkov\u00fa muni\u010dn\u00fa technol\u00f3giu.","og_url":"https:\/\/fmg700.com\/sk\/","og_site_name":"FMGranada","article_modified_time":"2024-06-05T09:21:29+00:00","og_image":[{"width":2500,"height":1368,"url":"https:\/\/fmg700.com\/wp-content\/uploads\/2024\/05\/home-headline.jpeg","type":"image\/jpeg"}],"twitter_card":"summary_large_image","schema":{"@context":"https:\/\/schema.org","@graph":[{"@type":"WebPage","@id":"https:\/\/fmg700.com\/sk\/","url":"https:\/\/fmg700.com\/sk\/","name":"FMGranada - Oslavujeme 700 rokov hist\u00f3rie","isPartOf":{"@id":"https:\/\/fmg700.com\/#website"},"datePublished":"2024-05-05T11:48:27+00:00","dateModified":"2024-06-05T09:21:29+00:00","description":"Presk\u00famajte 700-ro\u010dn\u00e9 dedi\u010dstvo spolo\u010dnosti FMGranada v oblasti obrany, ktor\u00e1 pon\u00faka \u0161pi\u010dkov\u00fa muni\u010dn\u00fa technol\u00f3giu.","breadcrumb":{"@id":"https:\/\/fmg700.com\/sk\/#breadcrumb"},"inLanguage":"sk-SK","potentialAction":[{"@type":"ReadAction","target":["https:\/\/fmg700.com\/sk\/"]}]},{"@type":"BreadcrumbList","@id":"https:\/\/fmg700.com\/sk\/#breadcrumb","itemListElement":[{"@type":"ListItem","position":1,"name":"Domovsk\u00e1 str\u00e1nka","item":"https:\/\/fmg700.com\/sk\/"},{"@type":"ListItem","position":2,"name":"Domov"}]},{"@type":"WebSite","@id":"https:\/\/fmg700.com\/#website","url":"https:\/\/fmg700.com\/","name":"FMGranada","description":"","potentialAction":[{"@type":"SearchAction","target":{"@type":"EntryPoint","urlTemplate":"https:\/\/fmg700.com\/?s={search_term_string}"},"query-input":{"@type":"PropertyValueSpecification","valueRequired":true,"valueName":"search_term_string"}}],"inLanguage":"sk-SK"}]}},"_links":{"self":[{"href":"https:\/\/fmg700.com\/sk\/wp-json\/wp\/v2\/pages\/2","targetHints":{"allow":["GET"]}}],"collection":[{"href":"https:\/\/fmg700.com\/sk\/wp-json\/wp\/v2\/pages"}],"about":[{"href":"https:\/\/fmg700.com\/sk\/wp-json\/wp\/v2\/types\/page"}],"author":[{"embeddable":true,"href":"https:\/\/fmg700.com\/sk\/wp-json\/wp\/v2\/users\/1"}],"replies":[{"embeddable":true,"href":"https:\/\/fmg700.com\/sk\/wp-json\/wp\/v2\/comments?post=2"}],"version-history":[{"count":27,"href":"https:\/\/fmg700.com\/sk\/wp-json\/wp\/v2\/pages\/2\/revisions"}],"predecessor-version":[{"id":695,"href":"https:\/\/fmg700.com\/sk\/wp-json\/wp\/v2\/pages\/2\/revisions\/695"}],"wp:attachment":[{"href":"https:\/\/fmg700.com\/sk\/wp-json\/wp\/v2\/media?parent=2"}],"curies":[{"name":"wp","href":"https:\/\/api.w.org\/{rel}","templated":true}]}}