{"id":598,"date":"2024-05-05T14:52:33","date_gmt":"2024-05-05T12:52:33","guid":{"rendered":"https:\/\/fmg700.com\/unikatna-vyroba\/"},"modified":"2024-05-12T09:56:03","modified_gmt":"2024-05-12T07:56:03","slug":"la-produccion-unica-de-fmg","status":"publish","type":"page","link":"https:\/\/fmg700.com\/es\/la-produccion-unica-de-fmg\/","title":{"rendered":"La producci\u00f3n \u00fanica de FMG"},"content":{"rendered":"","protected":false},"excerpt":{"rendered":"","protected":false},"author":1,"featured_media":97,"parent":0,"menu_order":0,"comment_status":"closed","ping_status":"closed","template":"page-info.php","meta":{"_acf_changed":false,"inline_featured_image":false,"footnotes":""},"class_list":["post-598","page","type-page","status-publish","has-post-thumbnail","hentry"],"acf":[],"yoast_head":"<!-- This site is optimized with the Yoast SEO plugin v27.4 - https:\/\/yoast.com\/product\/yoast-seo-wordpress\/ -->\n<title>La producci\u00f3n \u00fanica de FMG | FMGranada<\/title>\n<meta name=\"description\" content=\"FMGranada cuenta con una tradici\u00f3n de 700 a\u00f1os en la industria de defensa, evolucionando desde la fabricaci\u00f3n de p\u00f3lvora hasta convertirse en un productor integral de munici\u00f3n para tanques y explosivos.\" \/>\n<meta name=\"robots\" content=\"index, follow, max-snippet:-1, max-image-preview:large, max-video-preview:-1\" \/>\n<link rel=\"canonical\" href=\"https:\/\/fmg700.com\/es\/la-produccion-unica-de-fmg\/\" \/>\n<meta property=\"og:locale\" content=\"es_ES\" \/>\n<meta property=\"og:type\" content=\"article\" \/>\n<meta property=\"og:title\" content=\"La producci\u00f3n \u00fanica de FMGranada\" \/>\n<meta property=\"og:description\" content=\"FMGranada cuenta con una tradici\u00f3n de 700 a\u00f1os en la industria de defensa, evolucionando desde la fabricaci\u00f3n de p\u00f3lvora hasta convertirse en un productor integral de munici\u00f3n para tanques y explosivos.\" \/>\n<meta property=\"og:url\" content=\"https:\/\/fmg700.com\/es\/la-produccion-unica-de-fmg\/\" \/>\n<meta property=\"og:site_name\" content=\"FMGranada\" \/>\n<meta property=\"article:modified_time\" content=\"2024-05-12T07:56:03+00:00\" \/>\n<meta property=\"og:image\" content=\"https:\/\/fmg700.com\/wp-content\/uploads\/2024\/05\/JV0_3763.jpg\" \/>\n\t<meta property=\"og:image:width\" content=\"2000\" \/>\n\t<meta property=\"og:image:height\" content=\"1331\" \/>\n\t<meta property=\"og:image:type\" content=\"image\/jpeg\" \/>\n<meta name=\"twitter:card\" content=\"summary_large_image\" \/>\n<meta name=\"twitter:label1\" content=\"Tiempo de lectura\" \/>\n\t<meta name=\"twitter:data1\" content=\"1 minuto\" \/>\n<script type=\"application\/ld+json\" class=\"yoast-schema-graph\">{\"@context\":\"https:\\\/\\\/schema.org\",\"@graph\":[{\"@type\":\"WebPage\",\"@id\":\"https:\\\/\\\/fmg700.com\\\/es\\\/la-produccion-unica-de-fmg\\\/\",\"url\":\"https:\\\/\\\/fmg700.com\\\/es\\\/la-produccion-unica-de-fmg\\\/\",\"name\":\"La producci\u00f3n \u00fanica de FMG | FMGranada\",\"isPartOf\":{\"@id\":\"https:\\\/\\\/fmg700.com\\\/#website\"},\"primaryImageOfPage\":{\"@id\":\"https:\\\/\\\/fmg700.com\\\/es\\\/la-produccion-unica-de-fmg\\\/#primaryimage\"},\"image\":{\"@id\":\"https:\\\/\\\/fmg700.com\\\/es\\\/la-produccion-unica-de-fmg\\\/#primaryimage\"},\"thumbnailUrl\":\"https:\\\/\\\/fmg700.com\\\/wp-content\\\/uploads\\\/2024\\\/05\\\/unique-production.png\",\"datePublished\":\"2024-05-05T12:52:33+00:00\",\"dateModified\":\"2024-05-12T07:56:03+00:00\",\"description\":\"FMGranada cuenta con una tradici\u00f3n de 700 a\u00f1os en la industria de defensa, evolucionando desde la fabricaci\u00f3n de p\u00f3lvora hasta convertirse en un productor integral de munici\u00f3n para tanques y explosivos.\",\"breadcrumb\":{\"@id\":\"https:\\\/\\\/fmg700.com\\\/es\\\/la-produccion-unica-de-fmg\\\/#breadcrumb\"},\"inLanguage\":\"es\",\"potentialAction\":[{\"@type\":\"ReadAction\",\"target\":[\"https:\\\/\\\/fmg700.com\\\/es\\\/la-produccion-unica-de-fmg\\\/\"]}]},{\"@type\":\"ImageObject\",\"inLanguage\":\"es\",\"@id\":\"https:\\\/\\\/fmg700.com\\\/es\\\/la-produccion-unica-de-fmg\\\/#primaryimage\",\"url\":\"https:\\\/\\\/fmg700.com\\\/wp-content\\\/uploads\\\/2024\\\/05\\\/unique-production.png\",\"contentUrl\":\"https:\\\/\\\/fmg700.com\\\/wp-content\\\/uploads\\\/2024\\\/05\\\/unique-production.png\",\"width\":1300,\"height\":961},{\"@type\":\"BreadcrumbList\",\"@id\":\"https:\\\/\\\/fmg700.com\\\/es\\\/la-produccion-unica-de-fmg\\\/#breadcrumb\",\"itemListElement\":[{\"@type\":\"ListItem\",\"position\":1,\"name\":\"Domovsk\u00e1 str\u00e1nka\",\"item\":\"https:\\\/\\\/fmg700.com\\\/es\\\/\"},{\"@type\":\"ListItem\",\"position\":2,\"name\":\"La producci\u00f3n \u00fanica de FMG\"}]},{\"@type\":\"WebSite\",\"@id\":\"https:\\\/\\\/fmg700.com\\\/#website\",\"url\":\"https:\\\/\\\/fmg700.com\\\/\",\"name\":\"FMGranada\",\"description\":\"\",\"potentialAction\":[{\"@type\":\"SearchAction\",\"target\":{\"@type\":\"EntryPoint\",\"urlTemplate\":\"https:\\\/\\\/fmg700.com\\\/?s={search_term_string}\"},\"query-input\":{\"@type\":\"PropertyValueSpecification\",\"valueRequired\":true,\"valueName\":\"search_term_string\"}}],\"inLanguage\":\"es\"}]}<\/script>\n<!-- \/ Yoast SEO plugin. -->","yoast_head_json":{"title":"La producci\u00f3n \u00fanica de FMG | FMGranada","description":"FMGranada cuenta con una tradici\u00f3n de 700 a\u00f1os en la industria de defensa, evolucionando desde la fabricaci\u00f3n de p\u00f3lvora hasta convertirse en un productor integral de munici\u00f3n para tanques y explosivos.","robots":{"index":"index","follow":"follow","max-snippet":"max-snippet:-1","max-image-preview":"max-image-preview:large","max-video-preview":"max-video-preview:-1"},"canonical":"https:\/\/fmg700.com\/es\/la-produccion-unica-de-fmg\/","og_locale":"es_ES","og_type":"article","og_title":"La producci\u00f3n \u00fanica de FMGranada","og_description":"FMGranada cuenta con una tradici\u00f3n de 700 a\u00f1os en la industria de defensa, evolucionando desde la fabricaci\u00f3n de p\u00f3lvora hasta convertirse en un productor integral de munici\u00f3n para tanques y explosivos.","og_url":"https:\/\/fmg700.com\/es\/la-produccion-unica-de-fmg\/","og_site_name":"FMGranada","article_modified_time":"2024-05-12T07:56:03+00:00","og_image":[{"width":2000,"height":1331,"url":"https:\/\/fmg700.com\/wp-content\/uploads\/2024\/05\/JV0_3763.jpg","type":"image\/jpeg"}],"twitter_card":"summary_large_image","twitter_misc":{"Tiempo de lectura":"1 minuto"},"schema":{"@context":"https:\/\/schema.org","@graph":[{"@type":"WebPage","@id":"https:\/\/fmg700.com\/es\/la-produccion-unica-de-fmg\/","url":"https:\/\/fmg700.com\/es\/la-produccion-unica-de-fmg\/","name":"La producci\u00f3n \u00fanica de FMG | FMGranada","isPartOf":{"@id":"https:\/\/fmg700.com\/#website"},"primaryImageOfPage":{"@id":"https:\/\/fmg700.com\/es\/la-produccion-unica-de-fmg\/#primaryimage"},"image":{"@id":"https:\/\/fmg700.com\/es\/la-produccion-unica-de-fmg\/#primaryimage"},"thumbnailUrl":"https:\/\/fmg700.com\/wp-content\/uploads\/2024\/05\/unique-production.png","datePublished":"2024-05-05T12:52:33+00:00","dateModified":"2024-05-12T07:56:03+00:00","description":"FMGranada cuenta con una tradici\u00f3n de 700 a\u00f1os en la industria de defensa, evolucionando desde la fabricaci\u00f3n de p\u00f3lvora hasta convertirse en un productor integral de munici\u00f3n para tanques y explosivos.","breadcrumb":{"@id":"https:\/\/fmg700.com\/es\/la-produccion-unica-de-fmg\/#breadcrumb"},"inLanguage":"es","potentialAction":[{"@type":"ReadAction","target":["https:\/\/fmg700.com\/es\/la-produccion-unica-de-fmg\/"]}]},{"@type":"ImageObject","inLanguage":"es","@id":"https:\/\/fmg700.com\/es\/la-produccion-unica-de-fmg\/#primaryimage","url":"https:\/\/fmg700.com\/wp-content\/uploads\/2024\/05\/unique-production.png","contentUrl":"https:\/\/fmg700.com\/wp-content\/uploads\/2024\/05\/unique-production.png","width":1300,"height":961},{"@type":"BreadcrumbList","@id":"https:\/\/fmg700.com\/es\/la-produccion-unica-de-fmg\/#breadcrumb","itemListElement":[{"@type":"ListItem","position":1,"name":"Domovsk\u00e1 str\u00e1nka","item":"https:\/\/fmg700.com\/es\/"},{"@type":"ListItem","position":2,"name":"La producci\u00f3n \u00fanica de FMG"}]},{"@type":"WebSite","@id":"https:\/\/fmg700.com\/#website","url":"https:\/\/fmg700.com\/","name":"FMGranada","description":"","potentialAction":[{"@type":"SearchAction","target":{"@type":"EntryPoint","urlTemplate":"https:\/\/fmg700.com\/?s={search_term_string}"},"query-input":{"@type":"PropertyValueSpecification","valueRequired":true,"valueName":"search_term_string"}}],"inLanguage":"es"}]}},"_links":{"self":[{"href":"https:\/\/fmg700.com\/es\/wp-json\/wp\/v2\/pages\/598","targetHints":{"allow":["GET"]}}],"collection":[{"href":"https:\/\/fmg700.com\/es\/wp-json\/wp\/v2\/pages"}],"about":[{"href":"https:\/\/fmg700.com\/es\/wp-json\/wp\/v2\/types\/page"}],"author":[{"embeddable":true,"href":"https:\/\/fmg700.com\/es\/wp-json\/wp\/v2\/users\/1"}],"replies":[{"embeddable":true,"href":"https:\/\/fmg700.com\/es\/wp-json\/wp\/v2\/comments?post=598"}],"version-history":[{"count":2,"href":"https:\/\/fmg700.com\/es\/wp-json\/wp\/v2\/pages\/598\/revisions"}],"predecessor-version":[{"id":602,"href":"https:\/\/fmg700.com\/es\/wp-json\/wp\/v2\/pages\/598\/revisions\/602"}],"wp:featuredmedia":[{"embeddable":true,"href":"https:\/\/fmg700.com\/es\/wp-json\/wp\/v2\/media\/97"}],"wp:attachment":[{"href":"https:\/\/fmg700.com\/es\/wp-json\/wp\/v2\/media?parent=598"}],"curies":[{"name":"wp","href":"https:\/\/api.w.org\/{rel}","templated":true}]}}