{"id":109,"date":"2024-05-05T13:48:27","date_gmt":"2024-05-05T11:48:27","guid":{"rendered":"https:\/\/fmg700.com\/ochrana-osobnych-udajov\/"},"modified":"2024-05-10T14:12:46","modified_gmt":"2024-05-10T12:12:46","slug":"privacidad","status":"publish","type":"page","link":"https:\/\/fmg700.com\/es\/privacidad\/","title":{"rendered":"Privacidad"},"content":{"rendered":"<p class=\"p1\">De conformidad con el Reglamento (UE) 2016\/679 del Parlamento Europeo y del Consejo, de 27 de abril de 2016, relativo a la protecci\u00f3n de las personas f\u00edsicas en lo que respecta al tratamiento de datos personales y a la libre circulaci\u00f3n de estos datos y por el que se deroga la Directiva 95\/46\/CE (Reglamento general de protecci\u00f3n de datos) (en lo sucesivo, el \u00abRGPD\u00bb) y con la Ley 18\/2018 Recop, relativa a la protecci\u00f3n de datos personales y por la que se modifican otras leyes determinadas, y con el objetivo de proteger los derechos de los interesados (en lo sucesivo, tambi\u00e9n denominados \u00abDS\u00bb) y evitar posibles usos indebidos o filtraciones de datos personales (en lo sucesivo, tambi\u00e9n denominados \u00abDP\u00bb), los derechos de los interesados derivados del GDPR pueden ejercerse de las siguientes formas:<\/p>\n<p class=\"p1\"><b>Por correo postal a la direcci\u00f3n<\/b><\/p>\n<p class=\"p1\">\u0160t\u00farova 925\/27<br \/>\n018 41 Dubnica n\/V\u00e1hom<br \/>\nSlovakia<\/p>\n<p class=\"p1\"><b>Por correo electr\u00f3nico<\/b> a la direcci\u00f3n de la persona responsable conjunta (en lo sucesivo, tambi\u00e9n denominada \u00abRPD\u00bb conjunto)<\/p>\n<p class=\"p1\">osobneudaje@msmholding.sk<\/p>\n<p class=\"p1\"><b>Por tel\u00e9fono a la direcci\u00f3n<\/b><\/p>\n<p class=\"p1\">+421 903 440 747<\/p>\n<p class=\"p1\"><b>Procedimiento de tramitaci\u00f3n de las solicitudes de los interesados (DS)<\/b><\/p>\n<p class=\"p1\">El siguiente procedimiento para tramitar las solicitudes de los interesados es vinculante para todas las personas que<\/p>\n<p class=\"p1\">participen de alg\u00fan modo en el tratamiento de los DP por parte de los corresponsables del tratamiento.<\/p>\n<h3 class=\"p1\">1. Recepci\u00f3n de una solicitud<\/h3>\n<p class=\"p1\">El RPD conjunto es el punto de contacto para los corresponsables del tratamiento en lo que respecta a la recepci\u00f3n de solicitudes de los SD &#8211; v\u00e9anse los contactos m\u00e1s arriba.<\/p>\n<h3 class=\"p1\">2. Detalles de la solicitud<\/h3>\n<p class=\"p1\">La solicitud del DS deber\u00e1, como m\u00ednimo:<\/p>\n<ul>\n<li class=\"p1\">Contener los datos del DS que realiza la solicitud, incluidos sus datos de contacto.<\/li>\n<li class=\"p1\">Describir lo que el SD pretende con su solicitud, como por ejemplo: el suministro de informaci\u00f3n sobre el tratamiento de su EP; el ejercicio de uno de los derechos del SD en el \u00e1mbito de la protecci\u00f3n de la EP; el plazo en el que el SD pide que se tramite su solicitud (si faltan estos datos, la solicitud se tramitar\u00e1 como urgente, es decir, sin demora indebida); cualquier otro requisito del SD.<\/li>\n<li class=\"p1\">Identificar al corresponsable del tratamiento afectado o informar de que la solicitud se dirige a todos los corresponsables del tratamiento.<\/li>\n<li class=\"p1\">Especif\u00edquese el \u00e1mbito del EP objeto de la solicitud o inf\u00f3rmese de que la solicitud se refiere a todos los EP que los corresponsables del tratamiento tratan en relaci\u00f3n con la SD de que se trate.<\/li>\n<\/ul>\n<p class=\"p1\">Si la solicitud no contiene los datos anteriores, el RPD conjunto se pondr\u00e1 en contacto con el SD que present\u00f3 la solicitud para tratar de averiguar dichos datos a fin de que la solicitud pueda tramitarse adecuadamente. Esto no ser\u00e1 de aplicaci\u00f3n si la solicitud no contiene los datos de contacto del SD que la present\u00f3; en tal caso, el RPD conjunto har\u00e1 constar que la solicitud se ha considerado incompleta y que no ha sido posible subsanar sus deficiencias, tras lo cual se aplazar\u00e1 la solicitud.<\/p>\n<h3 class=\"p1\">3. Presentaci\u00f3n de solicitudes<\/h3>\n<p class=\"p1\">El DS puede presentar una solicitud de cualquier manera, pero normalmente por correo electr\u00f3nico a la direcci\u00f3n de contacto del RPD conjunto. Sin embargo, no existe un formulario prescrito para presentar la solicitud, por lo que \u00e9sta no puede aplazarse ni rechazarse por falta de forma.<\/p>\n<p class=\"p1\">Para que el DS pueda hacer la solicitud de manera informal, es decir, especialmente con sus propias palabras, no es necesario hacerla en ning\u00fan formulario prescrito.<\/p>\n<p class=\"p1\">Con la presentaci\u00f3n de la solicitud al RPD conjunto, comienzan a transcurrir los plazos de tramitaci\u00f3n de la solicitud, si est\u00e1n establecidos.<\/p>\n<h3 class=\"p1\">4. Tramitaci\u00f3n de la solicitud<\/h3>\n<p class=\"p1\">El RPD conjunto tramitar\u00e1 la solicitud debidamente presentada de una de las siguientes maneras:<\/p>\n<ul>\n<li class=\"p1\">Acceder a la solicitud; o<\/li>\n<li class=\"p1\">Acceder parcialmente a la solicitud; o<\/li>\n<li class=\"p1\">Rechazar la solicitud (desestimar la solicitud).<\/li>\n<\/ul>\n<p class=\"p1\">Si el RPD conjunto accede a la solicitud, se asegurar\u00e1 de que se cumplan los requisitos del SD de forma que se alcance el estatus solicitado por el SD. Una vez adoptadas las medidas, el RPD informar\u00e1 sin demora al SD de las medidas adoptadas, o especificar\u00e1 en la declaraci\u00f3n el plazo en el que se alcanzar\u00e1 el estado deseado.<\/p>\n<p class=\"p1\">Cuando el RPD conjunto d\u00e9 curso a la solicitud s\u00f3lo en parte, informar\u00e1 al SD de la parte en que se haya dado curso a la solicitud y de la parte en que se haya denegado, justificando su decisi\u00f3n. En la parte en que el RPD conjunto haya accedido a la solicitud, seguir\u00e1 el procedimiento anteriormente descrito.<\/p>\n<p class=\"p1\">Cuando la solicitud haya sido rechazada por el RPD conjunto, se informar\u00e1 de ello al DS que haya presentado la solicitud. La notificaci\u00f3n de la denegaci\u00f3n deber\u00e1 estar debidamente justificada.<\/p>\n<p class=\"p1\">Las solicitudes deber\u00e1n tramitarse de conformidad con la normativa legal pertinente. Toda informaci\u00f3n\/aviso de tramitaci\u00f3n de la solicitud incluir\u00e1 tambi\u00e9n instrucciones al DS sobre la posibilidad de presentar una reclamaci\u00f3n ante una autoridad de control (Autoridad de Protecci\u00f3n de Datos Personales).<\/p>\n","protected":false},"excerpt":{"rendered":"<p>De conformidad con el Reglamento (UE) 2016\/679 del Parlamento Europeo y del Consejo, de 27 de abril de 2016, relativo a la protecci\u00f3n de las personas f\u00edsicas en lo que respecta al tratamiento de datos personales y a la libre circulaci\u00f3n de estos datos y por el que se deroga la Directiva 95\/46\/CE (Reglamento general [&hellip;]<\/p>\n","protected":false},"author":1,"featured_media":0,"parent":0,"menu_order":0,"comment_status":"closed","ping_status":"open","template":"","meta":{"_acf_changed":false,"inline_featured_image":false,"footnotes":""},"class_list":["post-109","page","type-page","status-publish","hentry"],"acf":[],"yoast_head":"<!-- This site is optimized with the Yoast SEO plugin v27.6 - https:\/\/yoast.com\/product\/yoast-seo-wordpress\/ -->\n<title>Privacidad | FMGranada<\/title>\n<meta name=\"robots\" content=\"index, follow, max-snippet:-1, max-image-preview:large, max-video-preview:-1\" \/>\n<link rel=\"canonical\" href=\"https:\/\/fmg700.com\/es\/privacidad\/\" \/>\n<meta property=\"og:locale\" content=\"es_ES\" \/>\n<meta property=\"og:type\" content=\"article\" \/>\n<meta property=\"og:title\" content=\"Privacidad | FMGranada\" \/>\n<meta property=\"og:description\" content=\"De conformidad con el Reglamento (UE) 2016\/679 del Parlamento Europeo y del Consejo, de 27 de abril de 2016, relativo a la protecci\u00f3n de las personas f\u00edsicas en lo que respecta al tratamiento de datos personales y a la libre circulaci\u00f3n de estos datos y por el que se deroga la Directiva 95\/46\/CE (Reglamento general [&hellip;]\" \/>\n<meta property=\"og:url\" content=\"https:\/\/fmg700.com\/es\/privacidad\/\" \/>\n<meta property=\"og:site_name\" content=\"FMGranada\" \/>\n<meta property=\"article:modified_time\" content=\"2024-05-10T12:12:46+00:00\" \/>\n<meta name=\"twitter:card\" content=\"summary_large_image\" \/>\n<meta name=\"twitter:label1\" content=\"Tiempo de lectura\" \/>\n\t<meta name=\"twitter:data1\" content=\"4 minutos\" \/>\n<script type=\"application\/ld+json\" class=\"yoast-schema-graph\">{\"@context\":\"https:\\\/\\\/schema.org\",\"@graph\":[{\"@type\":\"WebPage\",\"@id\":\"https:\\\/\\\/fmg700.com\\\/es\\\/privacidad\\\/\",\"url\":\"https:\\\/\\\/fmg700.com\\\/es\\\/privacidad\\\/\",\"name\":\"Privacidad | FMGranada\",\"isPartOf\":{\"@id\":\"https:\\\/\\\/fmg700.com\\\/#website\"},\"datePublished\":\"2024-05-05T11:48:27+00:00\",\"dateModified\":\"2024-05-10T12:12:46+00:00\",\"breadcrumb\":{\"@id\":\"https:\\\/\\\/fmg700.com\\\/es\\\/privacidad\\\/#breadcrumb\"},\"inLanguage\":\"es\",\"potentialAction\":[{\"@type\":\"ReadAction\",\"target\":[\"https:\\\/\\\/fmg700.com\\\/es\\\/privacidad\\\/\"]}]},{\"@type\":\"BreadcrumbList\",\"@id\":\"https:\\\/\\\/fmg700.com\\\/es\\\/privacidad\\\/#breadcrumb\",\"itemListElement\":[{\"@type\":\"ListItem\",\"position\":1,\"name\":\"Domovsk\u00e1 str\u00e1nka\",\"item\":\"https:\\\/\\\/fmg700.com\\\/es\\\/\"},{\"@type\":\"ListItem\",\"position\":2,\"name\":\"Privacidad\"}]},{\"@type\":\"WebSite\",\"@id\":\"https:\\\/\\\/fmg700.com\\\/#website\",\"url\":\"https:\\\/\\\/fmg700.com\\\/\",\"name\":\"FMGranada\",\"description\":\"\",\"potentialAction\":[{\"@type\":\"SearchAction\",\"target\":{\"@type\":\"EntryPoint\",\"urlTemplate\":\"https:\\\/\\\/fmg700.com\\\/?s={search_term_string}\"},\"query-input\":{\"@type\":\"PropertyValueSpecification\",\"valueRequired\":true,\"valueName\":\"search_term_string\"}}],\"inLanguage\":\"es\"}]}<\/script>\n<!-- \/ Yoast SEO plugin. -->","yoast_head_json":{"title":"Privacidad | FMGranada","robots":{"index":"index","follow":"follow","max-snippet":"max-snippet:-1","max-image-preview":"max-image-preview:large","max-video-preview":"max-video-preview:-1"},"canonical":"https:\/\/fmg700.com\/es\/privacidad\/","og_locale":"es_ES","og_type":"article","og_title":"Privacidad | FMGranada","og_description":"De conformidad con el Reglamento (UE) 2016\/679 del Parlamento Europeo y del Consejo, de 27 de abril de 2016, relativo a la protecci\u00f3n de las personas f\u00edsicas en lo que respecta al tratamiento de datos personales y a la libre circulaci\u00f3n de estos datos y por el que se deroga la Directiva 95\/46\/CE (Reglamento general [&hellip;]","og_url":"https:\/\/fmg700.com\/es\/privacidad\/","og_site_name":"FMGranada","article_modified_time":"2024-05-10T12:12:46+00:00","twitter_card":"summary_large_image","twitter_misc":{"Tiempo de lectura":"4 minutos"},"schema":{"@context":"https:\/\/schema.org","@graph":[{"@type":"WebPage","@id":"https:\/\/fmg700.com\/es\/privacidad\/","url":"https:\/\/fmg700.com\/es\/privacidad\/","name":"Privacidad | FMGranada","isPartOf":{"@id":"https:\/\/fmg700.com\/#website"},"datePublished":"2024-05-05T11:48:27+00:00","dateModified":"2024-05-10T12:12:46+00:00","breadcrumb":{"@id":"https:\/\/fmg700.com\/es\/privacidad\/#breadcrumb"},"inLanguage":"es","potentialAction":[{"@type":"ReadAction","target":["https:\/\/fmg700.com\/es\/privacidad\/"]}]},{"@type":"BreadcrumbList","@id":"https:\/\/fmg700.com\/es\/privacidad\/#breadcrumb","itemListElement":[{"@type":"ListItem","position":1,"name":"Domovsk\u00e1 str\u00e1nka","item":"https:\/\/fmg700.com\/es\/"},{"@type":"ListItem","position":2,"name":"Privacidad"}]},{"@type":"WebSite","@id":"https:\/\/fmg700.com\/#website","url":"https:\/\/fmg700.com\/","name":"FMGranada","description":"","potentialAction":[{"@type":"SearchAction","target":{"@type":"EntryPoint","urlTemplate":"https:\/\/fmg700.com\/?s={search_term_string}"},"query-input":{"@type":"PropertyValueSpecification","valueRequired":true,"valueName":"search_term_string"}}],"inLanguage":"es"}]}},"_links":{"self":[{"href":"https:\/\/fmg700.com\/es\/wp-json\/wp\/v2\/pages\/109","targetHints":{"allow":["GET"]}}],"collection":[{"href":"https:\/\/fmg700.com\/es\/wp-json\/wp\/v2\/pages"}],"about":[{"href":"https:\/\/fmg700.com\/es\/wp-json\/wp\/v2\/types\/page"}],"author":[{"embeddable":true,"href":"https:\/\/fmg700.com\/es\/wp-json\/wp\/v2\/users\/1"}],"replies":[{"embeddable":true,"href":"https:\/\/fmg700.com\/es\/wp-json\/wp\/v2\/comments?post=109"}],"version-history":[{"count":4,"href":"https:\/\/fmg700.com\/es\/wp-json\/wp\/v2\/pages\/109\/revisions"}],"predecessor-version":[{"id":619,"href":"https:\/\/fmg700.com\/es\/wp-json\/wp\/v2\/pages\/109\/revisions\/619"}],"wp:attachment":[{"href":"https:\/\/fmg700.com\/es\/wp-json\/wp\/v2\/media?parent=109"}],"curies":[{"name":"wp","href":"https:\/\/api.w.org\/{rel}","templated":true}]}}