{"id":106,"date":"2024-05-05T13:48:27","date_gmt":"2024-05-05T11:48:27","guid":{"rendered":"https:\/\/fmg700.com\/domov\/"},"modified":"2024-06-05T11:24:03","modified_gmt":"2024-06-05T09:24:03","slug":"fmgranada-celebrando-700-anos-de-historia","status":"publish","type":"page","link":"https:\/\/fmg700.com\/es\/","title":{"rendered":"Hogar"},"content":{"rendered":"","protected":false},"excerpt":{"rendered":"","protected":false},"author":1,"featured_media":0,"parent":0,"menu_order":0,"comment_status":"closed","ping_status":"open","template":"index.php","meta":{"_acf_changed":false,"inline_featured_image":false,"footnotes":""},"class_list":["post-106","page","type-page","status-publish","hentry"],"acf":[],"yoast_head":"<!-- This site is optimized with the Yoast SEO plugin v27.4 - https:\/\/yoast.com\/product\/yoast-seo-wordpress\/ -->\n<title>Hogar | FMGranada<\/title>\n<meta name=\"description\" content=\"Explore el legado de 700 a\u00f1os de FMGranada en defensa, que ofrece tecnolog\u00eda punta en municiones.\" \/>\n<meta name=\"robots\" content=\"index, follow, max-snippet:-1, max-image-preview:large, max-video-preview:-1\" \/>\n<link rel=\"canonical\" href=\"https:\/\/fmg700.com\/es\/\" \/>\n<meta property=\"og:locale\" content=\"es_ES\" \/>\n<meta property=\"og:type\" content=\"article\" \/>\n<meta property=\"og:title\" content=\"FMGranada - Celebrando 700 a\u00f1os de historia\" \/>\n<meta property=\"og:description\" content=\"Explore el legado de 700 a\u00f1os de FMGranada en defensa, que ofrece tecnolog\u00eda punta en municiones.\" \/>\n<meta property=\"og:url\" content=\"https:\/\/fmg700.com\/es\/\" \/>\n<meta property=\"og:site_name\" content=\"FMGranada\" \/>\n<meta property=\"article:modified_time\" content=\"2024-06-05T09:24:03+00:00\" \/>\n<meta property=\"og:image\" content=\"https:\/\/fmg700.com\/wp-content\/uploads\/2024\/05\/home-headline.jpeg\" \/>\n\t<meta property=\"og:image:width\" content=\"2500\" \/>\n\t<meta property=\"og:image:height\" content=\"1368\" \/>\n\t<meta property=\"og:image:type\" content=\"image\/jpeg\" \/>\n<meta name=\"twitter:card\" content=\"summary_large_image\" \/>\n<script type=\"application\/ld+json\" class=\"yoast-schema-graph\">{\"@context\":\"https:\\\/\\\/schema.org\",\"@graph\":[{\"@type\":\"WebPage\",\"@id\":\"https:\\\/\\\/fmg700.com\\\/es\\\/\",\"url\":\"https:\\\/\\\/fmg700.com\\\/es\\\/\",\"name\":\"Hogar | FMGranada\",\"isPartOf\":{\"@id\":\"https:\\\/\\\/fmg700.com\\\/#website\"},\"datePublished\":\"2024-05-05T11:48:27+00:00\",\"dateModified\":\"2024-06-05T09:24:03+00:00\",\"description\":\"Explore el legado de 700 a\u00f1os de FMGranada en defensa, que ofrece tecnolog\u00eda punta en municiones.\",\"breadcrumb\":{\"@id\":\"https:\\\/\\\/fmg700.com\\\/es\\\/#breadcrumb\"},\"inLanguage\":\"es\",\"potentialAction\":[{\"@type\":\"ReadAction\",\"target\":[\"https:\\\/\\\/fmg700.com\\\/es\\\/\"]}]},{\"@type\":\"BreadcrumbList\",\"@id\":\"https:\\\/\\\/fmg700.com\\\/es\\\/#breadcrumb\",\"itemListElement\":[{\"@type\":\"ListItem\",\"position\":1,\"name\":\"Domovsk\u00e1 str\u00e1nka\",\"item\":\"https:\\\/\\\/fmg700.com\\\/es\\\/\"},{\"@type\":\"ListItem\",\"position\":2,\"name\":\"Hogar\"}]},{\"@type\":\"WebSite\",\"@id\":\"https:\\\/\\\/fmg700.com\\\/#website\",\"url\":\"https:\\\/\\\/fmg700.com\\\/\",\"name\":\"FMGranada\",\"description\":\"\",\"potentialAction\":[{\"@type\":\"SearchAction\",\"target\":{\"@type\":\"EntryPoint\",\"urlTemplate\":\"https:\\\/\\\/fmg700.com\\\/?s={search_term_string}\"},\"query-input\":{\"@type\":\"PropertyValueSpecification\",\"valueRequired\":true,\"valueName\":\"search_term_string\"}}],\"inLanguage\":\"es\"}]}<\/script>\n<!-- \/ Yoast SEO plugin. -->","yoast_head_json":{"title":"Hogar | FMGranada","description":"Explore el legado de 700 a\u00f1os de FMGranada en defensa, que ofrece tecnolog\u00eda punta en municiones.","robots":{"index":"index","follow":"follow","max-snippet":"max-snippet:-1","max-image-preview":"max-image-preview:large","max-video-preview":"max-video-preview:-1"},"canonical":"https:\/\/fmg700.com\/es\/","og_locale":"es_ES","og_type":"article","og_title":"FMGranada - Celebrando 700 a\u00f1os de historia","og_description":"Explore el legado de 700 a\u00f1os de FMGranada en defensa, que ofrece tecnolog\u00eda punta en municiones.","og_url":"https:\/\/fmg700.com\/es\/","og_site_name":"FMGranada","article_modified_time":"2024-06-05T09:24:03+00:00","og_image":[{"width":2500,"height":1368,"url":"https:\/\/fmg700.com\/wp-content\/uploads\/2024\/05\/home-headline.jpeg","type":"image\/jpeg"}],"twitter_card":"summary_large_image","schema":{"@context":"https:\/\/schema.org","@graph":[{"@type":"WebPage","@id":"https:\/\/fmg700.com\/es\/","url":"https:\/\/fmg700.com\/es\/","name":"Hogar | FMGranada","isPartOf":{"@id":"https:\/\/fmg700.com\/#website"},"datePublished":"2024-05-05T11:48:27+00:00","dateModified":"2024-06-05T09:24:03+00:00","description":"Explore el legado de 700 a\u00f1os de FMGranada en defensa, que ofrece tecnolog\u00eda punta en municiones.","breadcrumb":{"@id":"https:\/\/fmg700.com\/es\/#breadcrumb"},"inLanguage":"es","potentialAction":[{"@type":"ReadAction","target":["https:\/\/fmg700.com\/es\/"]}]},{"@type":"BreadcrumbList","@id":"https:\/\/fmg700.com\/es\/#breadcrumb","itemListElement":[{"@type":"ListItem","position":1,"name":"Domovsk\u00e1 str\u00e1nka","item":"https:\/\/fmg700.com\/es\/"},{"@type":"ListItem","position":2,"name":"Hogar"}]},{"@type":"WebSite","@id":"https:\/\/fmg700.com\/#website","url":"https:\/\/fmg700.com\/","name":"FMGranada","description":"","potentialAction":[{"@type":"SearchAction","target":{"@type":"EntryPoint","urlTemplate":"https:\/\/fmg700.com\/?s={search_term_string}"},"query-input":{"@type":"PropertyValueSpecification","valueRequired":true,"valueName":"search_term_string"}}],"inLanguage":"es"}]}},"_links":{"self":[{"href":"https:\/\/fmg700.com\/es\/wp-json\/wp\/v2\/pages\/106","targetHints":{"allow":["GET"]}}],"collection":[{"href":"https:\/\/fmg700.com\/es\/wp-json\/wp\/v2\/pages"}],"about":[{"href":"https:\/\/fmg700.com\/es\/wp-json\/wp\/v2\/types\/page"}],"author":[{"embeddable":true,"href":"https:\/\/fmg700.com\/es\/wp-json\/wp\/v2\/users\/1"}],"replies":[{"embeddable":true,"href":"https:\/\/fmg700.com\/es\/wp-json\/wp\/v2\/comments?post=106"}],"version-history":[{"count":26,"href":"https:\/\/fmg700.com\/es\/wp-json\/wp\/v2\/pages\/106\/revisions"}],"predecessor-version":[{"id":698,"href":"https:\/\/fmg700.com\/es\/wp-json\/wp\/v2\/pages\/106\/revisions\/698"}],"wp:attachment":[{"href":"https:\/\/fmg700.com\/es\/wp-json\/wp\/v2\/media?parent=106"}],"curies":[{"name":"wp","href":"https:\/\/api.w.org\/{rel}","templated":true}]}}